{"id":355,"date":"2024-09-16T16:38:26","date_gmt":"2024-09-16T14:38:26","guid":{"rendered":"https:\/\/entreprisesengagees34.fr\/?page_id=355"},"modified":"2024-12-12T11:37:49","modified_gmt":"2024-12-12T10:37:49","slug":"mentions-legales","status":"publish","type":"page","link":"https:\/\/entreprisesengagees34.fr\/index.php\/mentions-legales\/","title":{"rendered":"Mentions l\u00e9gales"},"content":{"rendered":"<p>[et_pb_section fb_built=\u00a0\u00bb1&Prime; _builder_version=\u00a0\u00bb4.27.4&Prime; _module_preset=\u00a0\u00bbdefault\u00a0\u00bb background_color=\u00a0\u00bb#080A8E\u00a0\u00bb use_background_color_gradient=\u00a0\u00bbon\u00a0\u00bb background_color_gradient_direction=\u00a0\u00bb159deg\u00a0\u00bb background_color_gradient_stops=\u00a0\u00bb#080a8e 0%|#6a6af4 100%\u00a0\u00bb hover_enabled=\u00a0\u00bb0&Prime; global_colors_info=\u00a0\u00bb{}\u00a0\u00bb custom_margin_last_edited=\u00a0\u00bboff|phone\u00a0\u00bb sticky_enabled=\u00a0\u00bb0&Prime; custom_padding=\u00a0\u00bb7%||7%||true|false\u00a0\u00bb custom_margin=\u00a0\u00bb0px||0px||false|false\u00a0\u00bb][et_pb_row _builder_version=\u00a0\u00bb4.24.2&Prime; _module_preset=\u00a0\u00bbdefault\u00a0\u00bb global_colors_info=\u00a0\u00bb{}\u00a0\u00bb][et_pb_column type=\u00a0\u00bb4_4&Prime; _builder_version=\u00a0\u00bb4.24.2&Prime; _module_preset=\u00a0\u00bbdefault\u00a0\u00bb global_colors_info=\u00a0\u00bb{}\u00a0\u00bb][et_pb_text _builder_version=\u00a0\u00bb4.27.4&Prime; _module_preset=\u00a0\u00bbdefault\u00a0\u00bb text_font=\u00a0\u00bb|700|||||||\u00a0\u00bb text_text_color=\u00a0\u00bb#F5F5F5&Prime; text_font_size=\u00a0\u00bb40px\u00a0\u00bb text_line_height_tablet=\u00a0\u00bb\u00a0\u00bb text_line_height_phone=\u00a0\u00bb1em\u00a0\u00bb text_line_height_last_edited=\u00a0\u00bbon|phone\u00a0\u00bb global_colors_info=\u00a0\u00bb{}\u00a0\u00bb]<\/p>\n<p style=\"text-align: center;\"><strong>Mentions l\u00e9gales<\/strong><\/p>\n<p>[\/et_pb_text][\/et_pb_column][\/et_pb_row][\/et_pb_section][et_pb_section fb_built=\u00a0\u00bb1&Prime; _builder_version=\u00a0\u00bb4.24.2&Prime; _module_preset=\u00a0\u00bbdefault\u00a0\u00bb global_colors_info=\u00a0\u00bb{}\u00a0\u00bb][et_pb_row _builder_version=\u00a0\u00bb4.27.4&Prime; _module_preset=\u00a0\u00bbdefault\u00a0\u00bb hover_enabled=\u00a0\u00bb0&Prime; global_colors_info=\u00a0\u00bb{}\u00a0\u00bb custom_padding_last_edited=\u00a0\u00bbon|phone\u00a0\u00bb custom_padding_phone=\u00a0\u00bb0px||||false|false\u00a0\u00bb custom_margin_last_edited=\u00a0\u00bbon|phone\u00a0\u00bb custom_margin_phone=\u00a0\u00bb0px||||false|false\u00a0\u00bb sticky_enabled=\u00a0\u00bb0&Prime;][et_pb_column type=\u00a0\u00bb4_4&Prime; _builder_version=\u00a0\u00bb4.24.2&Prime; _module_preset=\u00a0\u00bbdefault\u00a0\u00bb global_colors_info=\u00a0\u00bb{}\u00a0\u00bb][et_pb_text _builder_version=\u00a0\u00bb4.24.2&Prime; _module_preset=\u00a0\u00bbdefault\u00a0\u00bb custom_margin=\u00a0\u00bb||2%||false|false\u00a0\u00bb global_colors_info=\u00a0\u00bb{}\u00a0\u00bb]<\/p>\n<h3><strong>Mentions l\u00e9gales<\/strong><\/h3>\n<p>[\/et_pb_text][et_pb_text _builder_version=\u00a0\u00bb4.24.2&Prime; _module_preset=\u00a0\u00bbdefault\u00a0\u00bb link_text_color=\u00a0\u00bb#080A8E\u00a0\u00bb custom_margin=\u00a0\u00bb||6%||false|false\u00a0\u00bb global_colors_info=\u00a0\u00bb{}\u00a0\u00bb]<\/p>\n<h4><strong>1.1 \u00c9diteur<\/strong><\/h4>\n<p>Le pr\u00e9sent site est la propri\u00e9t\u00e9 de FACE H\u00e9rault, dont le si\u00e8ge est situ\u00e9 101, rue Robert FABRE, 34080 Montpellier, N\u00b0 SIRET : 440 811 040 001 02 &#8211; NAF : 913 E. La\u00a0Directrice\u00a0de la publication du site internet est Caroline CAZI.<\/p>\n<h4><strong>1.2 H\u00e9bergeur<\/strong><\/h4>\n<p>Ce site est h\u00e9berg\u00e9 par OVH <a href=\"https:\/\/www.ovhcloud.com\/\">https:\/\/www.ovhcloud.com\/<\/a><\/p>\n<ul>\n<li><strong><\/strong><strong>Conception et r\u00e9alisation technique du site<\/strong><\/li>\n<\/ul>\n<p>FACE H\u00e9rault con\u00e7oit et r\u00e9alise le site sur WordPress 6.0.2.<\/p>\n<p><strong>Mise \u00e0 jour<\/strong><\/p>\n<p>FACE H\u00e9rault\u00a0s&rsquo;engage \u00e0 fournir tous les efforts n\u00e9cessaires pour rendre le service accessible 7 jours sur 7 et 24 heures sur 24 sauf dans l&rsquo;hypoth\u00e8se d&rsquo;un cas de force majeure ou d&rsquo;un \u00e9v\u00e9nement hors de son contr\u00f4le, notamment les perturbations ou interruptions des r\u00e9seaux d&rsquo;acc\u00e8s, d\u00e9faillance des \u00e9quipements informatiques ou t\u00e9l\u00e9phoniques de l&rsquo;utilisateur et de mani\u00e8re plus g\u00e9n\u00e9rale, tout \u00e9v\u00e9nement li\u00e9 aux conditions d&rsquo;acc\u00e8s \u00e0 Internet et sous r\u00e9serve des \u00e9ventuelles pannes et interventions de maintenance n\u00e9cessaires au bon fonctionnement de son site.<\/p>\n<p><strong>Propri\u00e9t\u00e9 intellectuelle<\/strong><\/p>\n<p>L&rsquo;ensemble de ce site rel\u00e8ve de la l\u00e9gislation fran\u00e7aise et internationale sur le droit d&rsquo;auteur et la propri\u00e9t\u00e9 intellectuelle. Tous les droits de reproduction sont r\u00e9serv\u00e9s. Tous les documents t\u00e9l\u00e9chargeables et les repr\u00e9sentations iconographiques et photographiques pr\u00e9sents sur le site, sont la propri\u00e9t\u00e9 exclusive de FACE H\u00e9rault \u00a0et de ses partenaires.<\/p>\n<p>Tout autre usage du contenu est soumis \u00e0 autorisation pr\u00e9alable et expresse de FACE H\u00e9rault, notamment dans le cas o\u00f9 l\u2019utilisateur envisagerait de rediffuser le contenu sur un autre site. La violation de ces dispositions imp\u00e9ratives soumet le contrevenant, et toutes personnes responsables, aux peines p\u00e9nales et civiles pr\u00e9vues par la loi.<\/p>\n<p>FACE H\u00e9rault\u00a0se r\u00e9serve le droit de modifier le site \u00e0 tout moment, notamment en l&rsquo;actualisant. FACE H\u00e9rault\u00a0se r\u00e9serve le droit de supprimer ou de modifier de plein droit, certaines des fonctionnalit\u00e9s du site, sans pr\u00e9avis ni indemnit\u00e9.<\/p>\n<p>La reproduction des textes de ce site sur un support papier est autoris\u00e9e, tout particuli\u00e8rement dans le cadre p\u00e9dagogique, sous r\u00e9serve du respect des trois conditions suivantes :<\/p>\n<p><strong>Gratuit\u00e9 de la diffusion<\/strong><\/p>\n<p>Respect de l&rsquo;int\u00e9grit\u00e9 des documents reproduits : pas de modification ni alt\u00e9ration d&rsquo;aucune sorte<\/p>\n<p>Citation claire et lisible de la source sous la forme suivante, par exemple : \u00ab\u00a0Ce document provient du site internet <a href=\"http:\/\/www.face-herault.org\">www.face-herault.org<\/a> propri\u00e9t\u00e9 de l\u2019association FACE H\u00e9rault. Les droits de reproduction sont r\u00e9serv\u00e9s et strictement limit\u00e9s\u00a0\u00bb.<\/p>\n<p>L&rsquo;utilisateur est seul responsable de l&rsquo;identit\u00e9 qu&rsquo;il d\u00e9cline et des informations qu&rsquo;il adresse.<\/p>\n<p><strong>Les liens<\/strong><\/p>\n<p>Les liens pr\u00e9sents sur les sites <a href=\"http:\/\/www.face-herault.org\">www.face-herault.org<\/a> peuvent orienter l&rsquo;utilisateur sur des sites ext\u00e9rieurs dont le contenu ne peut en aucune mani\u00e8re engager la responsabilit\u00e9 de FACE H\u00e9rault.<\/p>\n<p>[\/et_pb_text][et_pb_text _builder_version=\u00a0\u00bb4.24.2&Prime; _module_preset=\u00a0\u00bbdefault\u00a0\u00bb custom_margin=\u00a0\u00bb||2%||false|false\u00a0\u00bb global_colors_info=\u00a0\u00bb{}\u00a0\u00bb]<\/p>\n<h3><strong> Cookies du site<\/strong><\/h3>\n<p>[\/et_pb_text][et_pb_text _builder_version=\u00a0\u00bb4.24.2&Prime; _module_preset=\u00a0\u00bbdefault\u00a0\u00bb link_text_color=\u00a0\u00bb#080A8E\u00a0\u00bb custom_margin=\u00a0\u00bb||6%||false|false\u00a0\u00bb global_colors_info=\u00a0\u00bb{}\u00a0\u00bb]<\/p>\n<p>FACE H\u00e9rault\u00a0se r\u00e9serve le droit d&rsquo;utiliser des cookies afin d&rsquo;assurer au mieux la gestion du site <a href=\"http:\/\/www.face-herault.org\">www.face-herault.org<\/a>, vous faciliter la navigation et d&rsquo;\u00e9tablir des statistiques. Si vous le d\u00e9sirez, vous pouvez refuser les cookies en modifiant les param\u00e8tres de votre navigateur dans la plupart des cas dans la rubrique \u00ab\u00a0pr\u00e9f\u00e9rences \u00a0\u00bb de celui-ci.<\/p>\n<p>Pour plus de renseignements veuillez consultez notre politique de cookies.<\/p>\n<p>[\/et_pb_text][et_pb_text _builder_version=\u00a0\u00bb4.24.2&Prime; _module_preset=\u00a0\u00bbdefault\u00a0\u00bb custom_margin=\u00a0\u00bb||2%||false|false\u00a0\u00bb global_colors_info=\u00a0\u00bb{}\u00a0\u00bb]<\/p>\n<h3><strong>Conditions d&rsquo;utilisation<\/strong><\/h3>\n<p>[\/et_pb_text][et_pb_text _builder_version=\u00a0\u00bb4.24.2&Prime; _module_preset=\u00a0\u00bbdefault\u00a0\u00bb link_text_color=\u00a0\u00bb#080A8E\u00a0\u00bb custom_margin=\u00a0\u00bb||6%||false|false\u00a0\u00bb global_colors_info=\u00a0\u00bb{}\u00a0\u00bb]<\/p>\n<p>La consultation du site <a href=\"http:\/\/www.face-herault.org\">www.face-herault.org<\/a> propos\u00e9e par FACE H\u00e9rault n\u2019est soumise \u00e0 aucune condition. L\u2019acc\u00e8s au formulaire pour poser d\u2019inscription est libre. Toute nouvelle inscription fait l\u2019objet d\u2019un email arrivant sur la boite <a href=\"mailto:face-herault@fondationface.org\">face-herault@fondationface.org<\/a> et une r\u00e9ponse vous est apport\u00e9e sous 5 jours maximum.<\/p>\n<p>[\/et_pb_text][et_pb_text _builder_version=\u00a0\u00bb4.24.2&Prime; _module_preset=\u00a0\u00bbdefault\u00a0\u00bb custom_margin=\u00a0\u00bb||2%||false|false\u00a0\u00bb global_colors_info=\u00a0\u00bb{}\u00a0\u00bb]<\/p>\n<h3><strong>Donn\u00e9es personnelles<\/strong><\/h3>\n<p>[\/et_pb_text][et_pb_text _builder_version=\u00a0\u00bb4.24.2&Prime; _module_preset=\u00a0\u00bbdefault\u00a0\u00bb link_text_color=\u00a0\u00bb#080A8E\u00a0\u00bb custom_margin=\u00a0\u00bb||||false|false\u00a0\u00bb global_colors_info=\u00a0\u00bb{}\u00a0\u00bb]<\/p>\n<p>FACE H\u00e9rault\u00a0\u00a0s\u2019engage \u00e0 ce que les donn\u00e9es \u00e0 caract\u00e8re personnel concernant les utilisateurs du formulaire en ligne ne soient trait\u00e9es que pour les finalit\u00e9s de ce service.<\/p>\n<p>En application des dispositions de la loi Informatique et Libert\u00e9s du 6 janvier 1978, FACE H\u00e9rault\u00a0s&rsquo;engage \u00e0 n&rsquo;utiliser les donn\u00e9es \u00e0 caract\u00e8re personnel de l&rsquo;Utilisateur que pour les strictes finalit\u00e9s pr\u00e9cis\u00e9es ci-avant. FACE H\u00e9rault\u00a0 s&rsquo;engage express\u00e9ment \u00e0 ne pas proc\u00e9der \u00e0 des traitements, de mani\u00e8re incompatible avec les finalit\u00e9s du pr\u00e9sent service, \u00e0 ne pas publier, divulguer ou transmettre d&rsquo;informations concernant l&rsquo;Utilisateur, sans son accord pr\u00e9alable.<\/p>\n<p>En application des dispositions de la loi Informatique et Libert\u00e9s du 6 janvier 1978, l&rsquo;utilisateur dispose d&rsquo;un droit d&rsquo;acc\u00e8s, de rectification et de suppression des donn\u00e9es personnelles le concernant, qui peut \u00eatre exerc\u00e9 \u00e0 l&rsquo;adresse suivante : <a href=\"mailto:face-herault@fondationface.org\">face-herault@fondationface.org<\/a><\/p>\n<p>FACE H\u00e9rault\u00a0\u00a0garantit que les donn\u00e9es \u00e0 caract\u00e8re personnel ne seront pas c\u00e9d\u00e9es \u00e0 des tiers. Cette garantie ne s&rsquo;applique pas pour des traitements \u00e0 finalit\u00e9 statistique, d\u00e8s lors que le traitement concern\u00e9 n&rsquo;aborde les donn\u00e9es que de mani\u00e8re anonyme et globalis\u00e9e.<\/p>\n<p>FACE H\u00e9rault\u00a0s&rsquo;engage \u00e0 mettre en \u0153uvre les mesures techniques et d&rsquo;organisation appropri\u00e9es pour prot\u00e9ger les donn\u00e9es \u00e0 caract\u00e8re personnel contre la destruction accidentelle ou illicite, la perte accidentelle, l&rsquo;alt\u00e9ration, la diffusion ou l&rsquo;acc\u00e8s non autoris\u00e9.<\/p>\n<p>FACE H\u00e9rault\u00a0s&rsquo;engage \u00e0 conserver les donn\u00e9es personnelles pendant une dur\u00e9e n&rsquo;exc\u00e9dant pas celle n\u00e9cessaire \u00e0 la r\u00e9alisation des finalit\u00e9s pour lesquelles elles sont collect\u00e9es ou trait\u00e9es.<\/p>\n<p>FACE H\u00e9rault\u00a0pourra \u00eatre oblig\u00e9e de divulguer toute information vous concernant afin de se conformer \u00e0 toute loi ou r\u00e9glementation en vigueur, ou pour r\u00e9pondre \u00e0 toute demande judiciaire ou administrative.<\/p>\n<p>[\/et_pb_text][\/et_pb_column][\/et_pb_row][\/et_pb_section]<\/p>\n","protected":false},"excerpt":{"rendered":"<p>Mentions l\u00e9galesMentions l\u00e9gales1.1 \u00c9diteur Le pr\u00e9sent site est la propri\u00e9t\u00e9 de FACE H\u00e9rault, dont le si\u00e8ge est situ\u00e9 101, rue Robert FABRE, 34080 Montpellier, N\u00b0 SIRET : 440 811 040 001 02 &#8211; NAF : 913 E. La\u00a0Directrice\u00a0de la publication du site internet est Caroline CAZI. 1.2 H\u00e9bergeur Ce site est h\u00e9berg\u00e9 par OVH https:\/\/www.ovhcloud.com\/ [&hellip;]<\/p>\n","protected":false},"author":1,"featured_media":0,"parent":0,"menu_order":0,"comment_status":"closed","ping_status":"closed","template":"","meta":{"_et_pb_use_builder":"on","_et_pb_old_content":"","_et_gb_content_width":"","footnotes":""},"class_list":["post-355","page","type-page","status-publish","hentry"],"jetpack_sharing_enabled":true,"_links":{"self":[{"href":"https:\/\/entreprisesengagees34.fr\/index.php\/wp-json\/wp\/v2\/pages\/355","targetHints":{"allow":["GET"]}}],"collection":[{"href":"https:\/\/entreprisesengagees34.fr\/index.php\/wp-json\/wp\/v2\/pages"}],"about":[{"href":"https:\/\/entreprisesengagees34.fr\/index.php\/wp-json\/wp\/v2\/types\/page"}],"author":[{"embeddable":true,"href":"https:\/\/entreprisesengagees34.fr\/index.php\/wp-json\/wp\/v2\/users\/1"}],"replies":[{"embeddable":true,"href":"https:\/\/entreprisesengagees34.fr\/index.php\/wp-json\/wp\/v2\/comments?post=355"}],"version-history":[{"count":8,"href":"https:\/\/entreprisesengagees34.fr\/index.php\/wp-json\/wp\/v2\/pages\/355\/revisions"}],"predecessor-version":[{"id":448,"href":"https:\/\/entreprisesengagees34.fr\/index.php\/wp-json\/wp\/v2\/pages\/355\/revisions\/448"}],"wp:attachment":[{"href":"https:\/\/entreprisesengagees34.fr\/index.php\/wp-json\/wp\/v2\/media?parent=355"}],"curies":[{"name":"wp","href":"https:\/\/api.w.org\/{rel}","templated":true}]}}